{"id":770,"date":"2023-06-26T11:26:51","date_gmt":"2023-06-26T11:26:51","guid":{"rendered":"https:\/\/rockandroll-letters.de\/?page_id=770"},"modified":"2024-09-30T07:08:02","modified_gmt":"2024-09-30T07:08:02","slug":"elementor-seite-770","status":"publish","type":"page","link":"https:\/\/rockandroll-letters.de\/?page_id=770","title":{"rendered":"Impressum"},"content":{"rendered":"\t\t<div data-elementor-type=\"wp-page\" data-elementor-id=\"770\" class=\"elementor elementor-770\" data-elementor-post-type=\"page\">\n\t\t\t\t<div class=\"elementor-element elementor-element-6fdf9aaa e-con-full e-flex e-con e-parent\" data-id=\"6fdf9aaa\" data-element_type=\"container\" data-e-type=\"container\" data-settings=\"{&quot;background_background&quot;:&quot;classic&quot;}\">\n\t\t<div class=\"elementor-element elementor-element-678cfcc9 e-flex e-con-boxed e-con e-child\" data-id=\"678cfcc9\" data-element_type=\"container\" data-e-type=\"container\">\n\t\t\t\t\t<div class=\"e-con-inner\">\n\t\t\t\t<div class=\"elementor-element elementor-element-58246a7a elementor-widget__width-initial elementor-widget elementor-widget-text-editor\" data-id=\"58246a7a\" data-element_type=\"widget\" data-e-type=\"widget\" data-widget_type=\"text-editor.default\">\n\t\t\t\t<div class=\"elementor-widget-container\">\n\t\t\t\t\t\t\t\t\t<p><strong>ROCK &amp; ROLL LETTERS<\/strong><br \/>Sch\u00f6nhauser Allee 179<br \/>10119 Berlin<\/p><p><strong>Kontakt<\/strong><br \/>Telefon: +49 (0) 30 \/ 23 91 30 66<br \/>E-Mail: <a href=\"mailto:info@rockandroll-letters.de\">info@rockandroll-letters.de<\/a><\/p><p><strong>Firmierung<\/strong><br \/>ROCK &amp; ROLL LETTERS ist eine<br \/>Marke der KonzeptQuartier GmbH<br \/>Hirschenstra\u00dfe 16 \/ R\u00fcckgeb\u00e4ude<br \/>90762 F\u00fcrth<\/p><p>Telefon: +49 (0) 911\/99997-0<br \/>Telefax: +49 (0) 911\/99997-171<br \/>E-Mail: <a href=\"mailto:hallo@konzeptquartier.de\">hallo@konzeptquartier.de<\/a><\/p><p>Vertreten durch den Gesch\u00e4ftsf\u00fchrer<br \/>Erik Seifert<\/p><p><strong>Handelsregister und Gerichtsstand<\/strong><br \/>Amtsgericht F\u00fcrth HRB 11369, Umsatzsteuer-ID DE243648503, Gerichtsstand F\u00fcrth<br \/>F\u00fcr diese Website ist die KonzeptQuartier GmbH, F\u00fcrth verantwortlich.<\/p><p><strong>Bankverbindung<\/strong><br \/>Berliner Sparkasse<br \/>IBAN: DE14 1005 0000 0191 1571 20<br \/>BIC: BELADEBEXXX<\/p><p>Stand: Juli 2023<\/p>\t\t\t\t\t\t\t\t<\/div>\n\t\t\t\t<\/div>\n\t\t\t\t\t<\/div>\n\t\t\t\t<\/div>\n\t\t\t\t<\/div>\n\t\t\t\t<\/div>\n\t\t","protected":false},"excerpt":{"rendered":"<p>ROCK &amp; ROLL LETTERSSch\u00f6nhauser Allee 17910119 Berlin KontaktTelefon: +49 (0) 30 \/ 23 91 30 66E-Mail: info@rockandroll-letters.de FirmierungROCK &amp; ROLL LETTERS ist eineMarke der KonzeptQuartier GmbHHirschenstra\u00dfe 16 \/ R\u00fcckgeb\u00e4ude90762 F\u00fcrth Telefon: +49 (0) 911\/99997-0Telefax: +49 (0) 911\/99997-171E-Mail: hallo@konzeptquartier.de Vertreten durch den Gesch\u00e4ftsf\u00fchrerErik Seifert Handelsregister und GerichtsstandAmtsgericht F\u00fcrth HRB 11369, Umsatzsteuer-ID DE243648503, Gerichtsstand F\u00fcrthF\u00fcr diese Website [&hellip;]<\/p>\n","protected":false},"author":1,"featured_media":0,"parent":0,"menu_order":0,"comment_status":"closed","ping_status":"closed","template":"","meta":{"inline_featured_image":false,"iawp_total_views":1132,"footnotes":""},"class_list":["post-770","page","type-page","status-publish","hentry"],"_links":{"self":[{"href":"https:\/\/rockandroll-letters.de\/index.php?rest_route=\/wp\/v2\/pages\/770","targetHints":{"allow":["GET"]}}],"collection":[{"href":"https:\/\/rockandroll-letters.de\/index.php?rest_route=\/wp\/v2\/pages"}],"about":[{"href":"https:\/\/rockandroll-letters.de\/index.php?rest_route=\/wp\/v2\/types\/page"}],"author":[{"embeddable":true,"href":"https:\/\/rockandroll-letters.de\/index.php?rest_route=\/wp\/v2\/users\/1"}],"replies":[{"embeddable":true,"href":"https:\/\/rockandroll-letters.de\/index.php?rest_route=%2Fwp%2Fv2%2Fcomments&post=770"}],"version-history":[{"count":46,"href":"https:\/\/rockandroll-letters.de\/index.php?rest_route=\/wp\/v2\/pages\/770\/revisions"}],"predecessor-version":[{"id":2467,"href":"https:\/\/rockandroll-letters.de\/index.php?rest_route=\/wp\/v2\/pages\/770\/revisions\/2467"}],"wp:attachment":[{"href":"https:\/\/rockandroll-letters.de\/index.php?rest_route=%2Fwp%2Fv2%2Fmedia&parent=770"}],"curies":[{"name":"wp","href":"https:\/\/api.w.org\/{rel}","templated":true}]}}