{"id":914,"date":"2023-06-26T15:43:15","date_gmt":"2023-06-26T15:43:15","guid":{"rendered":"https:\/\/rockandroll-letters.de\/?page_id=914"},"modified":"2023-07-05T07:46:59","modified_gmt":"2023-07-05T07:46:59","slug":"kfz-beschriftung","status":"publish","type":"page","link":"https:\/\/rockandroll-letters.de\/?page_id=914","title":{"rendered":"KFZ-Beschriftung"},"content":{"rendered":"\t\t<div data-elementor-type=\"wp-page\" data-elementor-id=\"914\" class=\"elementor elementor-914\" data-elementor-post-type=\"page\">\n\t\t\t\t<div class=\"elementor-element elementor-element-7cc81399 e-con-full e-flex e-con e-parent\" data-id=\"7cc81399\" data-element_type=\"container\" data-e-type=\"container\" data-settings=\"{&quot;background_background&quot;:&quot;classic&quot;}\">\n\t\t<div class=\"elementor-element elementor-element-2a625ba8 e-flex e-con-boxed e-con e-parent\" data-id=\"2a625ba8\" data-element_type=\"container\" data-e-type=\"container\">\n\t\t\t\t\t<div class=\"e-con-inner\">\n\t\t\t\t<div class=\"elementor-element elementor-element-3cf5e9c9 elementor-widget__width-initial elementor-widget elementor-widget-qi_addons_for_elementor_animated_text\" data-id=\"3cf5e9c9\" data-element_type=\"widget\" data-e-type=\"widget\" data-widget_type=\"qi_addons_for_elementor_animated_text.default\">\n\t\t\t\t<div class=\"elementor-widget-container\">\n\t\t\t\t\t<div class=\"qodef-shortcode qodef-m qodef-qi-animated-text qodef--animated-by-word qodef--alignment-left qodef-qi--has-appear qodef--appear-from-bottom\" data-appear-delay=\"500\">\n\t\t<p class=\"qodef-m-title\">\n\t\t<span class=\"qodef-e-word\">Leistung<\/span>\t<\/p>\n<\/div>\n\t\t\t\t<\/div>\n\t\t\t\t<\/div>\n\t\t\t\t\t<\/div>\n\t\t\t\t<\/div>\n\t\t<div class=\"elementor-element elementor-element-64c01656 e-con-full container e-flex e-con e-parent\" data-id=\"64c01656\" data-element_type=\"container\" data-e-type=\"container\">\n\t\t\t\t<div class=\"elementor-element elementor-element-2bf3d8c8 elementor-widget__width-inherit reveal elementor-widget elementor-widget-image\" data-id=\"2bf3d8c8\" data-element_type=\"widget\" data-e-type=\"widget\" data-widget_type=\"image.default\">\n\t\t\t\t<div class=\"elementor-widget-container\">\n\t\t\t\t\t\t\t\t\t\t\t\t\t\t\t<img fetchpriority=\"high\" decoding=\"async\" width=\"1920\" height=\"1080\" src=\"https:\/\/rockandroll-letters.de\/wp-content\/uploads\/2023\/06\/rcokandrollletters_leistung_kfz-beschriftung_header.webp\" class=\"attachment-full size-full wp-image-1570\" alt=\"\" srcset=\"https:\/\/rockandroll-letters.de\/wp-content\/uploads\/2023\/06\/rcokandrollletters_leistung_kfz-beschriftung_header.webp 1920w, https:\/\/rockandroll-letters.de\/wp-content\/uploads\/2023\/06\/rcokandrollletters_leistung_kfz-beschriftung_header-300x169.webp 300w, https:\/\/rockandroll-letters.de\/wp-content\/uploads\/2023\/06\/rcokandrollletters_leistung_kfz-beschriftung_header-1024x576.webp 1024w, https:\/\/rockandroll-letters.de\/wp-content\/uploads\/2023\/06\/rcokandrollletters_leistung_kfz-beschriftung_header-768x432.webp 768w, https:\/\/rockandroll-letters.de\/wp-content\/uploads\/2023\/06\/rcokandrollletters_leistung_kfz-beschriftung_header-1536x864.webp 1536w\" sizes=\"(max-width: 1920px) 100vw, 1920px\" \/>\t\t\t\t\t\t\t\t\t\t\t\t\t\t\t<\/div>\n\t\t\t\t<\/div>\n\t\t\t\t<\/div>\n\t\t\t\t<\/div>\n\t\t<div class=\"elementor-element elementor-element-332c5b09 e-flex e-con-boxed e-con e-parent\" data-id=\"332c5b09\" data-element_type=\"container\" data-e-type=\"container\">\n\t\t\t\t\t<div class=\"e-con-inner\">\n\t\t<div class=\"elementor-element elementor-element-754fabd9 e-con-full e-flex e-con e-parent\" data-id=\"754fabd9\" data-element_type=\"container\" data-e-type=\"container\">\n\t\t\t\t<div class=\"elementor-element elementor-element-1d556b9c elementor-widget__width-initial elementor-widget elementor-widget-text-editor\" data-id=\"1d556b9c\" data-element_type=\"widget\" data-e-type=\"widget\" data-widget_type=\"text-editor.default\">\n\t\t\t\t<div class=\"elementor-widget-container\">\n\t\t\t\t\t\t\t\t\t<p>Individuell gestaltete Fahrzeuge zaubern den Passanten ein L\u00e4cheln auf die Lippen und sorgen f\u00fcr Gespr\u00e4chsstoff. Sie kommen herum, beleben das Stra\u00dfenbild und werden in Staus und an Ampeln gerne eingehender erkundet.<\/p><p>Gib\u2019 deinem Firmenfahrzeug oder der Fahrzeugflotte \u2013 egal ob gro\u00df oder klein \u2013 eine pers\u00f6nliche Note. Das spricht sich herum und wir unterst\u00fctzen dich gerne dabei dein Fahrzeug ins Bild zu bringen.<\/p><p>Von der klassischen Folientechnik in Digitaldruck bis hin zu hochwertigen Foliendesigns und Laminat \u2013 alles ist m\u00f6glich. Alle unsere Folien sind selbstverst\u00e4ndlich UV-best\u00e4ndig, r\u00fcckstandsfrei austauschbar und witterungsbest\u00e4ndig.<\/p>\t\t\t\t\t\t\t\t<\/div>\n\t\t\t\t<\/div>\n\t\t\t\t<div class=\"elementor-element elementor-element-8c810d1 elementor-widget elementor-widget-qi_addons_for_elementor_button\" data-id=\"8c810d1\" data-element_type=\"widget\" data-e-type=\"widget\" data-widget_type=\"qi_addons_for_elementor_button.default\">\n\t\t\t\t<div class=\"elementor-widget-container\">\n\t\t\t\t\t<a class=\"qodef-shortcode qodef-m qodef-qi-button qodef-html--link qodef-layout--outlined qodef-type--standard qodef-icon--right qodef-hover--icon-move-horizontal-short\" href=\"\/..\/#leistungen\" target=\"_self\">\n\t<span class=\"qodef-m-text\">Weitere Leistungen<\/span>\n\t\t<span class=\"qodef-m-icon\">\n\t\t<span class=\"qodef-m-icon-inner\">\n\t\t\t<svg xmlns=\"http:\/\/www.w3.org\/2000\/svg\" width=\"21\" height=\"8\" viewBox=\"0 0 21 8\" fill=\"none\"><path d=\"M1.12549 3.5H0.625488V4.5H1.12549V3.5ZM20.1457 4.35355C20.341 4.15829 20.341 3.84171 20.1457 3.64645L16.9637 0.464466C16.7685 0.269204 16.4519 0.269204 16.2566 0.464466C16.0614 0.659728 16.0614 0.976311 16.2566 1.17157L19.0851 4L16.2566 6.82843C16.0614 7.02369 16.0614 7.34027 16.2566 7.53553C16.4519 7.7308 16.7685 7.7308 16.9637 7.53553L20.1457 4.35355ZM1.12549 4.5H19.7922V3.5H1.12549V4.5Z\" fill=\"white\"><\/path><\/svg>\t\t\t\t\t<\/span>\n\t<\/span>\n<\/a>\n\t\t\t\t<\/div>\n\t\t\t\t<\/div>\n\t\t\t\t<\/div>\n\t\t<div class=\"elementor-element elementor-element-745f9e95 e-con-full e-flex e-con e-parent\" data-id=\"745f9e95\" data-element_type=\"container\" data-e-type=\"container\" data-settings=\"{&quot;motion_fx_motion_fx_scrolling&quot;:&quot;yes&quot;,&quot;motion_fx_translateY_effect&quot;:&quot;yes&quot;,&quot;motion_fx_translateY_affectedRange&quot;:{&quot;unit&quot;:&quot;%&quot;,&quot;size&quot;:&quot;&quot;,&quot;sizes&quot;:{&quot;start&quot;:0,&quot;end&quot;:50}},&quot;motion_fx_opacity_effect&quot;:&quot;yes&quot;,&quot;motion_fx_opacity_range&quot;:{&quot;unit&quot;:&quot;%&quot;,&quot;size&quot;:&quot;&quot;,&quot;sizes&quot;:{&quot;start&quot;:15,&quot;end&quot;:50}},&quot;motion_fx_scale_effect&quot;:&quot;yes&quot;,&quot;motion_fx_scale_direction&quot;:&quot;in-out&quot;,&quot;motion_fx_scale_speed&quot;:{&quot;unit&quot;:&quot;px&quot;,&quot;size&quot;:0.5,&quot;sizes&quot;:[]},&quot;motion_fx_scale_range&quot;:{&quot;unit&quot;:&quot;%&quot;,&quot;size&quot;:&quot;&quot;,&quot;sizes&quot;:{&quot;start&quot;:20,&quot;end&quot;:50}},&quot;motion_fx_translateY_speed&quot;:{&quot;unit&quot;:&quot;px&quot;,&quot;size&quot;:4,&quot;sizes&quot;:[]},&quot;motion_fx_opacity_direction&quot;:&quot;out-in&quot;,&quot;motion_fx_opacity_level&quot;:{&quot;unit&quot;:&quot;px&quot;,&quot;size&quot;:10,&quot;sizes&quot;:[]},&quot;motion_fx_devices&quot;:[&quot;desktop&quot;,&quot;tablet&quot;,&quot;mobile&quot;]}\">\n\t\t\t\t<div class=\"elementor-element elementor-element-14a590ce elementor-widget elementor-widget-heading\" data-id=\"14a590ce\" data-element_type=\"widget\" data-e-type=\"widget\" data-widget_type=\"heading.default\">\n\t\t\t\t<div class=\"elementor-widget-container\">\n\t\t\t\t\t<h2 class=\"elementor-heading-title elementor-size-default\">Anwendungen<\/h2>\t\t\t\t<\/div>\n\t\t\t\t<\/div>\n\t\t\t\t<div class=\"elementor-element elementor-element-168299c4 elementor-align-start elementor-icon-list--layout-traditional elementor-list-item-link-full_width elementor-widget elementor-widget-icon-list\" data-id=\"168299c4\" data-element_type=\"widget\" data-e-type=\"widget\" data-widget_type=\"icon-list.default\">\n\t\t\t\t<div class=\"elementor-widget-container\">\n\t\t\t\t\t\t\t<ul class=\"elementor-icon-list-items\">\n\t\t\t\t\t\t\t<li class=\"elementor-icon-list-item\">\n\t\t\t\t\t\t\t\t\t\t\t<span class=\"elementor-icon-list-icon\">\n\t\t\t\t\t\t\t<svg xmlns=\"http:\/\/www.w3.org\/2000\/svg\" width=\"30\" height=\"30\" viewBox=\"0 0 30 30\" fill=\"none\"><path d=\"M30 14.9996C30 14.3203 26.6471 13.7699 22.5109 13.7699C20.3331 13.7699 18.378 13.9235 17.0101 14.1667C18.1502 13.3714 19.641 12.0981 21.1805 10.5578C24.105 7.63334 26.0873 4.87271 25.6069 4.39312C25.1264 3.91353 22.3667 5.89504 19.4413 8.81951C17.901 10.3598 16.6278 11.8498 15.8325 12.9899C16.0757 11.6211 16.2293 9.6669 16.2293 7.48912C16.2293 3.35287 15.6788 0 14.9996 0C14.3203 0 13.7699 3.35287 13.7699 7.48912C13.7699 9.6669 13.9235 11.622 14.1667 12.9899C13.3714 11.8498 12.0981 10.359 10.5578 8.81951C7.63334 5.89504 4.87271 3.91267 4.39312 4.39312C3.91267 4.87356 5.89418 7.63334 8.81951 10.5578C10.3598 12.0981 11.8498 13.3714 12.9899 14.1667C11.6211 13.9226 9.6669 13.7699 7.48912 13.7699C3.35287 13.7699 0 14.3203 0 14.9996C0 15.6789 3.35287 16.2293 7.48912 16.2293C9.6669 16.2293 11.622 16.0757 12.9899 15.8325C11.8498 16.6278 10.359 17.901 8.81951 19.4413C5.89504 22.3658 3.91267 25.1264 4.39312 25.6069C4.87356 26.0873 7.63334 24.105 10.5578 21.1805C12.0981 19.6402 13.3714 18.1502 14.1667 17.0101C13.9226 18.3789 13.7699 20.3331 13.7699 22.5109C13.7699 26.6471 14.3203 30 14.9996 30C15.6788 30 16.2293 26.6471 16.2293 22.5109C16.2293 20.3331 16.0757 18.3789 15.8325 17.0101C16.6278 18.1502 17.901 19.641 19.4413 21.1805C22.3658 24.105 25.1264 26.0873 25.6069 25.6069C26.0873 25.1264 24.105 22.3667 21.1805 19.4413C19.6402 17.901 18.1502 16.6278 17.0101 15.8325C18.3789 16.0765 20.3331 16.2293 22.5109 16.2293C26.6471 16.2293 30 15.6789 30 14.9996Z\" fill=\"#FF0083\"><\/path><\/svg>\t\t\t\t\t\t<\/span>\n\t\t\t\t\t\t\t\t\t\t<span class=\"elementor-icon-list-text\">Autobeschriftungen<\/span>\n\t\t\t\t\t\t\t\t\t<\/li>\n\t\t\t\t\t\t\t\t<li class=\"elementor-icon-list-item\">\n\t\t\t\t\t\t\t\t\t\t\t<span class=\"elementor-icon-list-icon\">\n\t\t\t\t\t\t\t<svg xmlns=\"http:\/\/www.w3.org\/2000\/svg\" width=\"30\" height=\"30\" viewBox=\"0 0 30 30\" fill=\"none\"><path d=\"M30 14.9996C30 14.3203 26.6471 13.7699 22.5109 13.7699C20.3331 13.7699 18.378 13.9235 17.0101 14.1667C18.1502 13.3714 19.641 12.0981 21.1805 10.5578C24.105 7.63334 26.0873 4.87271 25.6069 4.39312C25.1264 3.91353 22.3667 5.89504 19.4413 8.81951C17.901 10.3598 16.6278 11.8498 15.8325 12.9899C16.0757 11.6211 16.2293 9.6669 16.2293 7.48912C16.2293 3.35287 15.6788 0 14.9996 0C14.3203 0 13.7699 3.35287 13.7699 7.48912C13.7699 9.6669 13.9235 11.622 14.1667 12.9899C13.3714 11.8498 12.0981 10.359 10.5578 8.81951C7.63334 5.89504 4.87271 3.91267 4.39312 4.39312C3.91267 4.87356 5.89418 7.63334 8.81951 10.5578C10.3598 12.0981 11.8498 13.3714 12.9899 14.1667C11.6211 13.9226 9.6669 13.7699 7.48912 13.7699C3.35287 13.7699 0 14.3203 0 14.9996C0 15.6789 3.35287 16.2293 7.48912 16.2293C9.6669 16.2293 11.622 16.0757 12.9899 15.8325C11.8498 16.6278 10.359 17.901 8.81951 19.4413C5.89504 22.3658 3.91267 25.1264 4.39312 25.6069C4.87356 26.0873 7.63334 24.105 10.5578 21.1805C12.0981 19.6402 13.3714 18.1502 14.1667 17.0101C13.9226 18.3789 13.7699 20.3331 13.7699 22.5109C13.7699 26.6471 14.3203 30 14.9996 30C15.6788 30 16.2293 26.6471 16.2293 22.5109C16.2293 20.3331 16.0757 18.3789 15.8325 17.0101C16.6278 18.1502 17.901 19.641 19.4413 21.1805C22.3658 24.105 25.1264 26.0873 25.6069 25.6069C26.0873 25.1264 24.105 22.3667 21.1805 19.4413C19.6402 17.901 18.1502 16.6278 17.0101 15.8325C18.3789 16.0765 20.3331 16.2293 22.5109 16.2293C26.6471 16.2293 30 15.6789 30 14.9996Z\" fill=\"#FF0083\"><\/path><\/svg>\t\t\t\t\t\t<\/span>\n\t\t\t\t\t\t\t\t\t\t<span class=\"elementor-icon-list-text\">Vollfolierung<\/span>\n\t\t\t\t\t\t\t\t\t<\/li>\n\t\t\t\t\t\t\t\t<li class=\"elementor-icon-list-item\">\n\t\t\t\t\t\t\t\t\t\t\t<span class=\"elementor-icon-list-icon\">\n\t\t\t\t\t\t\t<svg xmlns=\"http:\/\/www.w3.org\/2000\/svg\" width=\"30\" height=\"30\" viewBox=\"0 0 30 30\" fill=\"none\"><path d=\"M30 14.9996C30 14.3203 26.6471 13.7699 22.5109 13.7699C20.3331 13.7699 18.378 13.9235 17.0101 14.1667C18.1502 13.3714 19.641 12.0981 21.1805 10.5578C24.105 7.63334 26.0873 4.87271 25.6069 4.39312C25.1264 3.91353 22.3667 5.89504 19.4413 8.81951C17.901 10.3598 16.6278 11.8498 15.8325 12.9899C16.0757 11.6211 16.2293 9.6669 16.2293 7.48912C16.2293 3.35287 15.6788 0 14.9996 0C14.3203 0 13.7699 3.35287 13.7699 7.48912C13.7699 9.6669 13.9235 11.622 14.1667 12.9899C13.3714 11.8498 12.0981 10.359 10.5578 8.81951C7.63334 5.89504 4.87271 3.91267 4.39312 4.39312C3.91267 4.87356 5.89418 7.63334 8.81951 10.5578C10.3598 12.0981 11.8498 13.3714 12.9899 14.1667C11.6211 13.9226 9.6669 13.7699 7.48912 13.7699C3.35287 13.7699 0 14.3203 0 14.9996C0 15.6789 3.35287 16.2293 7.48912 16.2293C9.6669 16.2293 11.622 16.0757 12.9899 15.8325C11.8498 16.6278 10.359 17.901 8.81951 19.4413C5.89504 22.3658 3.91267 25.1264 4.39312 25.6069C4.87356 26.0873 7.63334 24.105 10.5578 21.1805C12.0981 19.6402 13.3714 18.1502 14.1667 17.0101C13.9226 18.3789 13.7699 20.3331 13.7699 22.5109C13.7699 26.6471 14.3203 30 14.9996 30C15.6788 30 16.2293 26.6471 16.2293 22.5109C16.2293 20.3331 16.0757 18.3789 15.8325 17.0101C16.6278 18.1502 17.901 19.641 19.4413 21.1805C22.3658 24.105 25.1264 26.0873 25.6069 25.6069C26.0873 25.1264 24.105 22.3667 21.1805 19.4413C19.6402 17.901 18.1502 16.6278 17.0101 15.8325C18.3789 16.0765 20.3331 16.2293 22.5109 16.2293C26.6471 16.2293 30 15.6789 30 14.9996Z\" fill=\"#FF0083\"><\/path><\/svg>\t\t\t\t\t\t<\/span>\n\t\t\t\t\t\t\t\t\t\t<span class=\"elementor-icon-list-text\">Teilfolierung<\/span>\n\t\t\t\t\t\t\t\t\t<\/li>\n\t\t\t\t\t\t\t\t<li class=\"elementor-icon-list-item\">\n\t\t\t\t\t\t\t\t\t\t\t<span class=\"elementor-icon-list-icon\">\n\t\t\t\t\t\t\t<svg xmlns=\"http:\/\/www.w3.org\/2000\/svg\" width=\"30\" height=\"30\" viewBox=\"0 0 30 30\" fill=\"none\"><path d=\"M30 14.9996C30 14.3203 26.6471 13.7699 22.5109 13.7699C20.3331 13.7699 18.378 13.9235 17.0101 14.1667C18.1502 13.3714 19.641 12.0981 21.1805 10.5578C24.105 7.63334 26.0873 4.87271 25.6069 4.39312C25.1264 3.91353 22.3667 5.89504 19.4413 8.81951C17.901 10.3598 16.6278 11.8498 15.8325 12.9899C16.0757 11.6211 16.2293 9.6669 16.2293 7.48912C16.2293 3.35287 15.6788 0 14.9996 0C14.3203 0 13.7699 3.35287 13.7699 7.48912C13.7699 9.6669 13.9235 11.622 14.1667 12.9899C13.3714 11.8498 12.0981 10.359 10.5578 8.81951C7.63334 5.89504 4.87271 3.91267 4.39312 4.39312C3.91267 4.87356 5.89418 7.63334 8.81951 10.5578C10.3598 12.0981 11.8498 13.3714 12.9899 14.1667C11.6211 13.9226 9.6669 13.7699 7.48912 13.7699C3.35287 13.7699 0 14.3203 0 14.9996C0 15.6789 3.35287 16.2293 7.48912 16.2293C9.6669 16.2293 11.622 16.0757 12.9899 15.8325C11.8498 16.6278 10.359 17.901 8.81951 19.4413C5.89504 22.3658 3.91267 25.1264 4.39312 25.6069C4.87356 26.0873 7.63334 24.105 10.5578 21.1805C12.0981 19.6402 13.3714 18.1502 14.1667 17.0101C13.9226 18.3789 13.7699 20.3331 13.7699 22.5109C13.7699 26.6471 14.3203 30 14.9996 30C15.6788 30 16.2293 26.6471 16.2293 22.5109C16.2293 20.3331 16.0757 18.3789 15.8325 17.0101C16.6278 18.1502 17.901 19.641 19.4413 21.1805C22.3658 24.105 25.1264 26.0873 25.6069 25.6069C26.0873 25.1264 24.105 22.3667 21.1805 19.4413C19.6402 17.901 18.1502 16.6278 17.0101 15.8325C18.3789 16.0765 20.3331 16.2293 22.5109 16.2293C26.6471 16.2293 30 15.6789 30 14.9996Z\" fill=\"#FF0083\"><\/path><\/svg>\t\t\t\t\t\t<\/span>\n\t\t\t\t\t\t\t\t\t\t<span class=\"elementor-icon-list-text\">Firmenfahrzeugbeschriftung<\/span>\n\t\t\t\t\t\t\t\t\t<\/li>\n\t\t\t\t\t\t\t\t<li class=\"elementor-icon-list-item\">\n\t\t\t\t\t\t\t\t\t\t\t<span class=\"elementor-icon-list-icon\">\n\t\t\t\t\t\t\t<svg xmlns=\"http:\/\/www.w3.org\/2000\/svg\" width=\"30\" height=\"30\" viewBox=\"0 0 30 30\" fill=\"none\"><path d=\"M30 14.9996C30 14.3203 26.6471 13.7699 22.5109 13.7699C20.3331 13.7699 18.378 13.9235 17.0101 14.1667C18.1502 13.3714 19.641 12.0981 21.1805 10.5578C24.105 7.63334 26.0873 4.87271 25.6069 4.39312C25.1264 3.91353 22.3667 5.89504 19.4413 8.81951C17.901 10.3598 16.6278 11.8498 15.8325 12.9899C16.0757 11.6211 16.2293 9.6669 16.2293 7.48912C16.2293 3.35287 15.6788 0 14.9996 0C14.3203 0 13.7699 3.35287 13.7699 7.48912C13.7699 9.6669 13.9235 11.622 14.1667 12.9899C13.3714 11.8498 12.0981 10.359 10.5578 8.81951C7.63334 5.89504 4.87271 3.91267 4.39312 4.39312C3.91267 4.87356 5.89418 7.63334 8.81951 10.5578C10.3598 12.0981 11.8498 13.3714 12.9899 14.1667C11.6211 13.9226 9.6669 13.7699 7.48912 13.7699C3.35287 13.7699 0 14.3203 0 14.9996C0 15.6789 3.35287 16.2293 7.48912 16.2293C9.6669 16.2293 11.622 16.0757 12.9899 15.8325C11.8498 16.6278 10.359 17.901 8.81951 19.4413C5.89504 22.3658 3.91267 25.1264 4.39312 25.6069C4.87356 26.0873 7.63334 24.105 10.5578 21.1805C12.0981 19.6402 13.3714 18.1502 14.1667 17.0101C13.9226 18.3789 13.7699 20.3331 13.7699 22.5109C13.7699 26.6471 14.3203 30 14.9996 30C15.6788 30 16.2293 26.6471 16.2293 22.5109C16.2293 20.3331 16.0757 18.3789 15.8325 17.0101C16.6278 18.1502 17.901 19.641 19.4413 21.1805C22.3658 24.105 25.1264 26.0873 25.6069 25.6069C26.0873 25.1264 24.105 22.3667 21.1805 19.4413C19.6402 17.901 18.1502 16.6278 17.0101 15.8325C18.3789 16.0765 20.3331 16.2293 22.5109 16.2293C26.6471 16.2293 30 15.6789 30 14.9996Z\" fill=\"#FF0083\"><\/path><\/svg>\t\t\t\t\t\t<\/span>\n\t\t\t\t\t\t\t\t\t\t<span class=\"elementor-icon-list-text\">Produktwerbung auf Fahrzeugen<\/span>\n\t\t\t\t\t\t\t\t\t<\/li>\n\t\t\t\t\t\t\t\t<li class=\"elementor-icon-list-item\">\n\t\t\t\t\t\t\t\t\t\t\t<span class=\"elementor-icon-list-icon\">\n\t\t\t\t\t\t\t<svg xmlns=\"http:\/\/www.w3.org\/2000\/svg\" width=\"30\" height=\"30\" viewBox=\"0 0 30 30\" fill=\"none\"><path d=\"M30 14.9996C30 14.3203 26.6471 13.7699 22.5109 13.7699C20.3331 13.7699 18.378 13.9235 17.0101 14.1667C18.1502 13.3714 19.641 12.0981 21.1805 10.5578C24.105 7.63334 26.0873 4.87271 25.6069 4.39312C25.1264 3.91353 22.3667 5.89504 19.4413 8.81951C17.901 10.3598 16.6278 11.8498 15.8325 12.9899C16.0757 11.6211 16.2293 9.6669 16.2293 7.48912C16.2293 3.35287 15.6788 0 14.9996 0C14.3203 0 13.7699 3.35287 13.7699 7.48912C13.7699 9.6669 13.9235 11.622 14.1667 12.9899C13.3714 11.8498 12.0981 10.359 10.5578 8.81951C7.63334 5.89504 4.87271 3.91267 4.39312 4.39312C3.91267 4.87356 5.89418 7.63334 8.81951 10.5578C10.3598 12.0981 11.8498 13.3714 12.9899 14.1667C11.6211 13.9226 9.6669 13.7699 7.48912 13.7699C3.35287 13.7699 0 14.3203 0 14.9996C0 15.6789 3.35287 16.2293 7.48912 16.2293C9.6669 16.2293 11.622 16.0757 12.9899 15.8325C11.8498 16.6278 10.359 17.901 8.81951 19.4413C5.89504 22.3658 3.91267 25.1264 4.39312 25.6069C4.87356 26.0873 7.63334 24.105 10.5578 21.1805C12.0981 19.6402 13.3714 18.1502 14.1667 17.0101C13.9226 18.3789 13.7699 20.3331 13.7699 22.5109C13.7699 26.6471 14.3203 30 14.9996 30C15.6788 30 16.2293 26.6471 16.2293 22.5109C16.2293 20.3331 16.0757 18.3789 15.8325 17.0101C16.6278 18.1502 17.901 19.641 19.4413 21.1805C22.3658 24.105 25.1264 26.0873 25.6069 25.6069C26.0873 25.1264 24.105 22.3667 21.1805 19.4413C19.6402 17.901 18.1502 16.6278 17.0101 15.8325C18.3789 16.0765 20.3331 16.2293 22.5109 16.2293C26.6471 16.2293 30 15.6789 30 14.9996Z\" fill=\"#FF0083\"><\/path><\/svg>\t\t\t\t\t\t<\/span>\n\t\t\t\t\t\t\t\t\t\t<span class=\"elementor-icon-list-text\">Flottenbeschriftung<\/span>\n\t\t\t\t\t\t\t\t\t<\/li>\n\t\t\t\t\t\t\t\t<li class=\"elementor-icon-list-item\">\n\t\t\t\t\t\t\t\t\t\t\t<span class=\"elementor-icon-list-icon\">\n\t\t\t\t\t\t\t<svg xmlns=\"http:\/\/www.w3.org\/2000\/svg\" width=\"30\" height=\"30\" viewBox=\"0 0 30 30\" fill=\"none\"><path d=\"M30 14.9996C30 14.3203 26.6471 13.7699 22.5109 13.7699C20.3331 13.7699 18.378 13.9235 17.0101 14.1667C18.1502 13.3714 19.641 12.0981 21.1805 10.5578C24.105 7.63334 26.0873 4.87271 25.6069 4.39312C25.1264 3.91353 22.3667 5.89504 19.4413 8.81951C17.901 10.3598 16.6278 11.8498 15.8325 12.9899C16.0757 11.6211 16.2293 9.6669 16.2293 7.48912C16.2293 3.35287 15.6788 0 14.9996 0C14.3203 0 13.7699 3.35287 13.7699 7.48912C13.7699 9.6669 13.9235 11.622 14.1667 12.9899C13.3714 11.8498 12.0981 10.359 10.5578 8.81951C7.63334 5.89504 4.87271 3.91267 4.39312 4.39312C3.91267 4.87356 5.89418 7.63334 8.81951 10.5578C10.3598 12.0981 11.8498 13.3714 12.9899 14.1667C11.6211 13.9226 9.6669 13.7699 7.48912 13.7699C3.35287 13.7699 0 14.3203 0 14.9996C0 15.6789 3.35287 16.2293 7.48912 16.2293C9.6669 16.2293 11.622 16.0757 12.9899 15.8325C11.8498 16.6278 10.359 17.901 8.81951 19.4413C5.89504 22.3658 3.91267 25.1264 4.39312 25.6069C4.87356 26.0873 7.63334 24.105 10.5578 21.1805C12.0981 19.6402 13.3714 18.1502 14.1667 17.0101C13.9226 18.3789 13.7699 20.3331 13.7699 22.5109C13.7699 26.6471 14.3203 30 14.9996 30C15.6788 30 16.2293 26.6471 16.2293 22.5109C16.2293 20.3331 16.0757 18.3789 15.8325 17.0101C16.6278 18.1502 17.901 19.641 19.4413 21.1805C22.3658 24.105 25.1264 26.0873 25.6069 25.6069C26.0873 25.1264 24.105 22.3667 21.1805 19.4413C19.6402 17.901 18.1502 16.6278 17.0101 15.8325C18.3789 16.0765 20.3331 16.2293 22.5109 16.2293C26.6471 16.2293 30 15.6789 30 14.9996Z\" fill=\"#FF0083\"><\/path><\/svg>\t\t\t\t\t\t<\/span>\n\t\t\t\t\t\t\t\t\t\t<span class=\"elementor-icon-list-text\">Fahrzeugbeschriftung f\u00fcr Events<\/span>\n\t\t\t\t\t\t\t\t\t<\/li>\n\t\t\t\t\t\t<\/ul>\n\t\t\t\t\t\t<\/div>\n\t\t\t\t<\/div>\n\t\t\t\t<\/div>\n\t\t\t\t\t<\/div>\n\t\t\t\t<\/div>\n\t\t\t\t<\/div>\n\t\t","protected":false},"excerpt":{"rendered":"<p>Leistung Individuell gestaltete Fahrzeuge zaubern den Passanten ein L\u00e4cheln auf die Lippen und sorgen f\u00fcr Gespr\u00e4chsstoff. Sie kommen herum, beleben das Stra\u00dfenbild und werden in Staus und an Ampeln gerne eingehender erkundet. Gib\u2019 deinem Firmenfahrzeug oder der Fahrzeugflotte \u2013 egal ob gro\u00df oder klein \u2013 eine pers\u00f6nliche Note. Das spricht sich herum und wir unterst\u00fctzen [&hellip;]<\/p>\n","protected":false},"author":1,"featured_media":1570,"parent":0,"menu_order":0,"comment_status":"closed","ping_status":"closed","template":"","meta":{"inline_featured_image":false,"iawp_total_views":93,"footnotes":""},"class_list":["post-914","page","type-page","status-publish","has-post-thumbnail","hentry"],"_links":{"self":[{"href":"https:\/\/rockandroll-letters.de\/index.php?rest_route=\/wp\/v2\/pages\/914","targetHints":{"allow":["GET"]}}],"collection":[{"href":"https:\/\/rockandroll-letters.de\/index.php?rest_route=\/wp\/v2\/pages"}],"about":[{"href":"https:\/\/rockandroll-letters.de\/index.php?rest_route=\/wp\/v2\/types\/page"}],"author":[{"embeddable":true,"href":"https:\/\/rockandroll-letters.de\/index.php?rest_route=\/wp\/v2\/users\/1"}],"replies":[{"embeddable":true,"href":"https:\/\/rockandroll-letters.de\/index.php?rest_route=%2Fwp%2Fv2%2Fcomments&post=914"}],"version-history":[{"count":56,"href":"https:\/\/rockandroll-letters.de\/index.php?rest_route=\/wp\/v2\/pages\/914\/revisions"}],"predecessor-version":[{"id":2187,"href":"https:\/\/rockandroll-letters.de\/index.php?rest_route=\/wp\/v2\/pages\/914\/revisions\/2187"}],"wp:featuredmedia":[{"embeddable":true,"href":"https:\/\/rockandroll-letters.de\/index.php?rest_route=\/wp\/v2\/media\/1570"}],"wp:attachment":[{"href":"https:\/\/rockandroll-letters.de\/index.php?rest_route=%2Fwp%2Fv2%2Fmedia&parent=914"}],"curies":[{"name":"wp","href":"https:\/\/api.w.org\/{rel}","templated":true}]}}