{"id":950,"date":"2023-06-26T16:15:19","date_gmt":"2023-06-26T16:15:19","guid":{"rendered":"https:\/\/rockandroll-letters.de\/?page_id=950"},"modified":"2026-02-24T10:55:10","modified_gmt":"2026-02-24T10:55:10","slug":"jobs","status":"publish","type":"page","link":"https:\/\/rockandroll-letters.de\/?page_id=950","title":{"rendered":"Jobs"},"content":{"rendered":"\t\t<div data-elementor-type=\"wp-page\" data-elementor-id=\"950\" class=\"elementor elementor-950\" data-elementor-post-type=\"page\">\n\t\t\t\t<div class=\"elementor-element elementor-element-6fdf9aaa e-con-full e-flex e-con e-parent\" data-id=\"6fdf9aaa\" data-element_type=\"container\" data-e-type=\"container\" data-settings=\"{&quot;background_background&quot;:&quot;classic&quot;}\">\n\t\t<div class=\"elementor-element elementor-element-678cfcc9 e-flex e-con-boxed e-con e-child\" data-id=\"678cfcc9\" data-element_type=\"container\" data-e-type=\"container\">\n\t\t\t\t\t<div class=\"e-con-inner\">\n\t\t<div class=\"elementor-element elementor-element-4a6a971 e-con-full e-flex e-con e-child\" data-id=\"4a6a971\" data-element_type=\"container\" data-e-type=\"container\">\n\t\t<div class=\"elementor-element elementor-element-e574c74 e-con-full e-flex e-con e-child\" data-id=\"e574c74\" data-element_type=\"container\" data-e-type=\"container\">\n\t\t\t\t<div class=\"elementor-element elementor-element-1ce3e16 elementor-widget elementor-widget-image\" data-id=\"1ce3e16\" data-element_type=\"widget\" data-e-type=\"widget\" data-widget_type=\"image.default\">\n\t\t\t\t<div class=\"elementor-widget-container\">\n\t\t\t\t\t\t\t\t\t\t\t\t\t\t\t\t<a href=\"https:\/\/rockandroll-letters.de\/wp-content\/uploads\/2025\/07\/Stellenanzeigen_R_RL_Erfahrene-Werbetechnikerin_2560px.webp\" data-elementor-open-lightbox=\"yes\" data-e-action-hash=\"#elementor-action%3Aaction%3Dlightbox%26settings%3DeyJpZCI6MjUyOSwidXJsIjoiaHR0cHM6XC9cL3JvY2thbmRyb2xsLWxldHRlcnMuZGVcL3dwLWNvbnRlbnRcL3VwbG9hZHNcLzIwMjVcLzA3XC9TdGVsbGVuYW56ZWlnZW5fUl9STF9FcmZhaHJlbmUtV2VyYmV0ZWNobmlrZXJpbl8yNTYwcHgud2VicCJ9\">\n\t\t\t\t\t\t\t<img fetchpriority=\"high\" decoding=\"async\" width=\"800\" height=\"534\" src=\"https:\/\/rockandroll-letters.de\/wp-content\/uploads\/2025\/07\/Stellenanzeigen_R_RL_Erfahrene-Werbetechnikerin_2560px-1024x683.webp\" class=\"attachment-large size-large wp-image-2529\" alt=\"\" srcset=\"https:\/\/rockandroll-letters.de\/wp-content\/uploads\/2025\/07\/Stellenanzeigen_R_RL_Erfahrene-Werbetechnikerin_2560px-1024x683.webp 1024w, https:\/\/rockandroll-letters.de\/wp-content\/uploads\/2025\/07\/Stellenanzeigen_R_RL_Erfahrene-Werbetechnikerin_2560px-300x200.webp 300w, https:\/\/rockandroll-letters.de\/wp-content\/uploads\/2025\/07\/Stellenanzeigen_R_RL_Erfahrene-Werbetechnikerin_2560px-768x512.webp 768w, https:\/\/rockandroll-letters.de\/wp-content\/uploads\/2025\/07\/Stellenanzeigen_R_RL_Erfahrene-Werbetechnikerin_2560px-1536x1024.webp 1536w, https:\/\/rockandroll-letters.de\/wp-content\/uploads\/2025\/07\/Stellenanzeigen_R_RL_Erfahrene-Werbetechnikerin_2560px-2048x1366.webp 2048w\" sizes=\"(max-width: 800px) 100vw, 800px\" \/>\t\t\t\t\t\t\t\t<\/a>\n\t\t\t\t\t\t\t\t\t\t\t\t\t\t\t<\/div>\n\t\t\t\t<\/div>\n\t\t\t\t<div class=\"elementor-element elementor-element-b6742e9 elementor-widget elementor-widget-heading\" data-id=\"b6742e9\" data-element_type=\"widget\" data-e-type=\"widget\" data-widget_type=\"heading.default\">\n\t\t\t\t<div class=\"elementor-widget-container\">\n\t\t\t\t\t<h3 class=\"elementor-heading-title elementor-size-default\">Erfahrene*n Werbetechniker*in<\/h3>\t\t\t\t<\/div>\n\t\t\t\t<\/div>\n\t\t\t\t<\/div>\n\t\t<div class=\"elementor-element elementor-element-bda26a2 e-con-full elementor-hidden-desktop elementor-hidden-tablet elementor-hidden-mobile e-flex e-con e-child\" data-id=\"bda26a2\" data-element_type=\"container\" data-e-type=\"container\">\n\t\t\t\t<div class=\"elementor-element elementor-element-cd5e958 elementor-widget elementor-widget-image\" data-id=\"cd5e958\" data-element_type=\"widget\" data-e-type=\"widget\" data-widget_type=\"image.default\">\n\t\t\t\t<div class=\"elementor-widget-container\">\n\t\t\t\t\t\t\t\t\t\t\t\t\t\t\t\t<a href=\"https:\/\/rockandroll-letters.de\/wp-content\/uploads\/2025\/07\/Stellenanzeigen_R_RL_Kundenberaterin-Werbetechnik_2560px.webp\" data-elementor-open-lightbox=\"yes\" data-e-action-hash=\"#elementor-action%3Aaction%3Dlightbox%26settings%3DeyJpZCI6MjUzMCwidXJsIjoiaHR0cHM6XC9cL3JvY2thbmRyb2xsLWxldHRlcnMuZGVcL3dwLWNvbnRlbnRcL3VwbG9hZHNcLzIwMjVcLzA3XC9TdGVsbGVuYW56ZWlnZW5fUl9STF9LdW5kZW5iZXJhdGVyaW4tV2VyYmV0ZWNobmlrXzI1NjBweC53ZWJwIn0%3D\">\n\t\t\t\t\t\t\t<img decoding=\"async\" width=\"800\" height=\"534\" src=\"https:\/\/rockandroll-letters.de\/wp-content\/uploads\/2025\/07\/Stellenanzeigen_R_RL_Kundenberaterin-Werbetechnik_2560px-1024x683.webp\" class=\"attachment-large size-large wp-image-2530\" alt=\"\" srcset=\"https:\/\/rockandroll-letters.de\/wp-content\/uploads\/2025\/07\/Stellenanzeigen_R_RL_Kundenberaterin-Werbetechnik_2560px-1024x683.webp 1024w, https:\/\/rockandroll-letters.de\/wp-content\/uploads\/2025\/07\/Stellenanzeigen_R_RL_Kundenberaterin-Werbetechnik_2560px-300x200.webp 300w, https:\/\/rockandroll-letters.de\/wp-content\/uploads\/2025\/07\/Stellenanzeigen_R_RL_Kundenberaterin-Werbetechnik_2560px-768x512.webp 768w, https:\/\/rockandroll-letters.de\/wp-content\/uploads\/2025\/07\/Stellenanzeigen_R_RL_Kundenberaterin-Werbetechnik_2560px-1536x1024.webp 1536w, https:\/\/rockandroll-letters.de\/wp-content\/uploads\/2025\/07\/Stellenanzeigen_R_RL_Kundenberaterin-Werbetechnik_2560px-2048x1366.webp 2048w\" sizes=\"(max-width: 800px) 100vw, 800px\" \/>\t\t\t\t\t\t\t\t<\/a>\n\t\t\t\t\t\t\t\t\t\t\t\t\t\t\t<\/div>\n\t\t\t\t<\/div>\n\t\t\t\t<div class=\"elementor-element elementor-element-32b08a8 elementor-widget elementor-widget-heading\" data-id=\"32b08a8\" data-element_type=\"widget\" data-e-type=\"widget\" data-widget_type=\"heading.default\">\n\t\t\t\t<div class=\"elementor-widget-container\">\n\t\t\t\t\t<h3 class=\"elementor-heading-title elementor-size-default\">Kundenberater*in Werbetechnik<\/h3>\t\t\t\t<\/div>\n\t\t\t\t<\/div>\n\t\t\t\t<\/div>\n\t\t\t\t<\/div>\n\t\t<div class=\"elementor-element elementor-element-f4e8bc4 e-con-full e-flex e-con e-child\" data-id=\"f4e8bc4\" data-element_type=\"container\" data-e-type=\"container\">\n\t\t\t\t<div class=\"elementor-element elementor-element-36d52fa elementor-widget__width-inherit elementor-hidden-desktop elementor-hidden-tablet elementor-hidden-mobile elementor-widget elementor-widget-text-editor\" data-id=\"36d52fa\" data-element_type=\"widget\" data-e-type=\"widget\" data-widget_type=\"text-editor.default\">\n\t\t\t\t<div class=\"elementor-widget-container\">\n\t\t\t\t\t\t\t\t\t<p>Zur Zeit haben wir keine offenen Stellen.<\/p>\t\t\t\t\t\t\t\t<\/div>\n\t\t\t\t<\/div>\n\t\t\t\t<\/div>\n\t\t<div class=\"elementor-element elementor-element-411b3dd e-con-full elementor-hidden-desktop elementor-hidden-tablet elementor-hidden-mobile e-flex e-con e-child\" data-id=\"411b3dd\" data-element_type=\"container\" data-e-type=\"container\">\n\t\t\t\t<div class=\"elementor-element elementor-element-3489243 elementor-widget__width-inherit elementor-widget elementor-widget-heading\" data-id=\"3489243\" data-element_type=\"widget\" data-e-type=\"widget\" data-widget_type=\"heading.default\">\n\t\t\t\t<div class=\"elementor-widget-container\">\n\t\t\t\t\t<h2 class=\"elementor-heading-title elementor-size-default\">Werbetech&shy;niker\/<br>Produktions&shy;hilfe<br> (m\/w\/d)<\/h2>\t\t\t\t<\/div>\n\t\t\t\t<\/div>\n\t\t\t\t<div class=\"elementor-element elementor-element-54b16c4 elementor-widget__width-inherit elementor-widget elementor-widget-text-editor\" data-id=\"54b16c4\" data-element_type=\"widget\" data-e-type=\"widget\" data-widget_type=\"text-editor.default\">\n\t\t\t\t<div class=\"elementor-widget-container\">\n\t\t\t\t\t\t\t\t\t<p>Zur Verst\u00e4rkung unserer Produktion suchen wir eine\/n erfahrene\/n Werbetechniker\/in oder auch gerne eine handwerklich geschickte und hoch motiverte Produktionshilfe.<\/p>\t\t\t\t\t\t\t\t<\/div>\n\t\t\t\t<\/div>\n\t\t\t\t<div class=\"elementor-element elementor-element-bda05fb elementor-widget__width-inherit elementor-widget elementor-widget-text-editor\" data-id=\"bda05fb\" data-element_type=\"widget\" data-e-type=\"widget\" data-widget_type=\"text-editor.default\">\n\t\t\t\t<div class=\"elementor-widget-container\">\n\t\t\t\t\t\t\t\t\t<p>Du bringst deine Erfahrung und Ideen ein und unterst\u00fctzt unser Team bei der Realisierung von Projekten aus den Bereichen der Textilveredelung, Folienplott, Fahrzeugbeklebung und Herstellung von Leuchtreklamen auf dem allerh\u00f6chsten Niveau. Du arbeitest in einem angenehmen Umfeld unserer kleinen Produktion im Herzen von Berlin. Du hilfst ma\u00dfgeblich mit, die Projekte unserer Kunden einpr\u00e4gsam, hochwertig und leidenschaftlich zu gestalten und zu produzieren.<\/p><p>Wir bieten Dir ein professionelles Team mit viel Raum f\u00fcr innovative Ans\u00e4tze und leistungsgerechte Bezahlung. Was so alles deine Aufgaben sein werden:<\/p><ul><li>Interne Steuerung der Produktion in Absprache mit unserem Gesch\u00e4ftsleiter<\/li><li>Planung, Vorbereitung und Umsetzung von Folienbeschriftungen und gro\u00dfformatigen Foliendrucken sowie deren Konfektionierung<\/li><li>Bedienung aller Digitaldrucker<\/li><\/ul><p><br \/>Ab sofort \/ Vollzeit \/ Berlin<\/p><p><strong>Wir freuen uns auf deine Bewerbung!<\/strong><\/p>\t\t\t\t\t\t\t\t<\/div>\n\t\t\t\t<\/div>\n\t\t\t\t<\/div>\n\t\t<div class=\"elementor-element elementor-element-e20998a e-con-full elementor-hidden-desktop elementor-hidden-tablet elementor-hidden-mobile e-flex e-con e-child\" data-id=\"e20998a\" data-element_type=\"container\" data-e-type=\"container\">\n\t\t\t\t<div class=\"elementor-element elementor-element-a9494ad elementor-widget__width-inherit elementor-widget elementor-widget-heading\" data-id=\"a9494ad\" data-element_type=\"widget\" data-e-type=\"widget\" data-widget_type=\"heading.default\">\n\t\t\t\t<div class=\"elementor-widget-container\">\n\t\t\t\t\t<h3 class=\"elementor-heading-title elementor-size-default\">Jetzt bewerben<\/h3>\t\t\t\t<\/div>\n\t\t\t\t<\/div>\n\t\t\t\t<div class=\"elementor-element elementor-element-a28b5fb elementor-button-align-start elementor-widget__width-inherit elementor-widget-tablet__width-inherit elementor-widget elementor-widget-form\" data-id=\"a28b5fb\" data-element_type=\"widget\" data-e-type=\"widget\" data-settings=\"{&quot;step_next_label&quot;:&quot;N\\u00e4chster&quot;,&quot;step_previous_label&quot;:&quot;Voriger&quot;,&quot;button_width&quot;:&quot;100&quot;,&quot;step_type&quot;:&quot;number_text&quot;,&quot;step_icon_shape&quot;:&quot;circle&quot;}\" data-widget_type=\"form.default\">\n\t\t\t\t<div class=\"elementor-widget-container\">\n\t\t\t\t\t\t\t<form class=\"elementor-form\" method=\"post\" name=\"Kontaktformular RnR Bewerbung\" aria-label=\"Kontaktformular RnR Bewerbung\">\n\t\t\t<input type=\"hidden\" name=\"post_id\" value=\"950\"\/>\n\t\t\t<input type=\"hidden\" name=\"form_id\" value=\"a28b5fb\"\/>\n\t\t\t<input type=\"hidden\" name=\"referer_title\" value=\"Jobs &bull; ROCK&#039;N ROLL LETTERS Werbetechnik\" \/>\n\n\t\t\t\t\t\t\t<input type=\"hidden\" name=\"queried_id\" value=\"950\"\/>\n\t\t\t\n\t\t\t<div class=\"elementor-form-fields-wrapper elementor-labels-above\">\n\t\t\t\t\t\t\t\t<div class=\"elementor-field-type-text elementor-field-group elementor-column elementor-field-group-name elementor-col-100 elementor-field-required\">\n\t\t\t\t\t\t\t\t\t\t\t\t\t<input size=\"1\" type=\"text\" name=\"form_fields[name]\" id=\"form-field-name\" class=\"elementor-field elementor-size-md  elementor-field-textual\" placeholder=\"Vorname Name\" required=\"required\">\n\t\t\t\t\t\t\t\t\t\t\t<\/div>\n\t\t\t\t\t\t\t\t<div class=\"elementor-field-type-email elementor-field-group elementor-column elementor-field-group-email elementor-col-100 elementor-field-required\">\n\t\t\t\t\t\t\t\t\t\t\t\t\t<input size=\"1\" type=\"email\" name=\"form_fields[email]\" id=\"form-field-email\" class=\"elementor-field elementor-size-md  elementor-field-textual\" placeholder=\"E-Mail\" required=\"required\">\n\t\t\t\t\t\t\t\t\t\t\t<\/div>\n\t\t\t\t\t\t\t\t<div class=\"elementor-field-type-tel elementor-field-group elementor-column elementor-field-group-field_9373396 elementor-col-100\">\n\t\t\t\t\t\t\t<input size=\"1\" type=\"tel\" name=\"form_fields[field_9373396]\" id=\"form-field-field_9373396\" class=\"elementor-field elementor-size-md  elementor-field-textual\" placeholder=\"Telefon\" pattern=\"[0-9()#&amp;+*-=.]+\" title=\"Nur Nummern oder Telefon-Zeichen (#, -, *, etc) werden akzeptiert.\">\n\n\t\t\t\t\t\t<\/div>\n\t\t\t\t\t\t\t\t<div class=\"elementor-field-type-textarea elementor-field-group elementor-column elementor-field-group-message elementor-col-100 elementor-field-required\">\n\t\t\t\t\t<textarea class=\"elementor-field-textual elementor-field  elementor-size-md\" name=\"form_fields[message]\" id=\"form-field-message\" rows=\"6\" placeholder=\"Nachricht\" required=\"required\"><\/textarea>\t\t\t\t<\/div>\n\t\t\t\t\t\t\t\t<div class=\"elementor-field-type-upload elementor-field-group elementor-column elementor-field-group-field_2bbd989 elementor-col-100 elementor-field-required\">\n\t\t\t\t\t\t\t<input type=\"file\" name=\"form_fields[field_2bbd989][]\" id=\"form-field-field_2bbd989\" class=\"elementor-field elementor-size-md  elementor-upload-field\" required=\"required\" multiple=\"multiple\">\n\n\t\t\t\t\t\t<\/div>\n\t\t\t\t\t\t\t\t<div class=\"elementor-field-type-acceptance elementor-field-group elementor-column elementor-field-group-field_0b7bb46 elementor-col-100 elementor-field-required\">\n\t\t\t\t\t\t\t<div class=\"elementor-field-subgroup\">\n\t\t\t<span class=\"elementor-field-option\">\n\t\t\t\t<input type=\"checkbox\" name=\"form_fields[field_0b7bb46]\" id=\"form-field-field_0b7bb46\" class=\"elementor-field elementor-size-md  elementor-acceptance-field\" required=\"required\">\n\t\t\t\t<label for=\"form-field-field_0b7bb46\">Ich habe die <a href=\"..\/datenschutz\">Datenschutzhinweise<\/a> zur Kenntnis genommen. Ich stimme zu, dass meine Angaben und Daten zur Beantwortung meiner Anfrage elektronisch erhoben und gespeichert werden. Hinweis: Du kannst deine Einwilligung jederzeit f\u00fcr die Zukunft per E-Mail an <a href=\"mailto:datenschutz@rockandroll-letters.de\">datenschutz[at]rockandroll-letters.de<\/a> widerrufen.<\/label>\t\t\t<\/span>\n\t\t<\/div>\n\t\t\t\t\t\t<\/div>\n\t\t\t\t\t\t\t\t<div class=\"elementor-field-type-text\">\n\t\t\t\t\t<input size=\"1\" type=\"text\" name=\"form_fields[field_3b5c6c7]\" id=\"form-field-field_3b5c6c7\" class=\"elementor-field elementor-size-md \" style=\"display:none !important;\">\t\t\t\t<\/div>\n\t\t\t\t\t\t\t\t<div class=\"elementor-field-type-frcaptcha elementor-field-group elementor-column elementor-field-group-field_2bf24e3 elementor-col-40\">\n\t\t\t\t\t<div class=\"frc-captcha dark\" data-sitekey=\"FCMQOCRU9VVN7632\" data-lang=\"de\" ><\/div>\n\t\t<noscript>You need to enable Javascript for the anti-spam check.<\/noscript><style>.frc-captcha {max-width: 100%; width:100%}<\/style><input type=\"frcaptcha text\" name=\"form_fields[field_2bf24e3]\" id=\"form-field-field_2bf24e3\" class=\"elementor-field elementor-size-md \" style=\"display: none\">\t\t\t\t<\/div>\n\t\t\t\t\t\t\t\t<div class=\"elementor-field-group elementor-column elementor-field-type-submit elementor-col-100 e-form__buttons\">\n\t\t\t\t\t<button class=\"elementor-button elementor-size-sm\" type=\"submit\">\n\t\t\t\t\t\t<span class=\"elementor-button-content-wrapper\">\n\t\t\t\t\t\t\t\t\t\t\t\t\t\t\t<span class=\"elementor-button-icon\">\n\t\t\t\t\t\t\t\t\t<svg xmlns=\"http:\/\/www.w3.org\/2000\/svg\" width=\"21\" height=\"8\" viewBox=\"0 0 21 8\" fill=\"none\"><path d=\"M1.12549 3.5H0.625488V4.5H1.12549V3.5ZM20.1457 4.35355C20.341 4.15829 20.341 3.84171 20.1457 3.64645L16.9637 0.464466C16.7685 0.269204 16.4519 0.269204 16.2566 0.464466C16.0614 0.659728 16.0614 0.976311 16.2566 1.17157L19.0851 4L16.2566 6.82843C16.0614 7.02369 16.0614 7.34027 16.2566 7.53553C16.4519 7.7308 16.7685 7.7308 16.9637 7.53553L20.1457 4.35355ZM1.12549 4.5H19.7922V3.5H1.12549V4.5Z\" fill=\"white\"><\/path><\/svg>\t\t\t\t\t\t\t\t\t\t\t\t\t\t\t\t\t<\/span>\n\t\t\t\t\t\t\t\t\t\t\t\t\t\t\t\t\t\t\t\t\t\t<span class=\"elementor-button-text\">Senden<\/span>\n\t\t\t\t\t\t\t\t\t\t\t\t\t<\/span>\n\t\t\t\t\t<\/button>\n\t\t\t\t<\/div>\n\t\t\t<\/div>\n\t\t<\/form>\n\t\t\t\t\t\t<\/div>\n\t\t\t\t<\/div>\n\t\t\t\t<\/div>\n\t\t\t\t\t<\/div>\n\t\t\t\t<\/div>\n\t\t\t\t<\/div>\n\t\t\t\t<\/div>\n\t\t","protected":false},"excerpt":{"rendered":"<p>Erfahrene*n Werbetechniker*in Kundenberater*in Werbetechnik Zur Zeit haben wir keine offenen Stellen. Werbetech&shy;niker\/Produktions&shy;hilfe (m\/w\/d) Zur Verst\u00e4rkung unserer Produktion suchen wir eine\/n erfahrene\/n Werbetechniker\/in oder auch gerne eine handwerklich geschickte und hoch motiverte Produktionshilfe. Du bringst deine Erfahrung und Ideen ein und unterst\u00fctzt unser Team bei der Realisierung von Projekten aus den Bereichen der Textilveredelung, Folienplott, Fahrzeugbeklebung [&hellip;]<\/p>\n","protected":false},"author":1,"featured_media":0,"parent":0,"menu_order":0,"comment_status":"closed","ping_status":"closed","template":"","meta":{"inline_featured_image":false,"iawp_total_views":634,"footnotes":""},"class_list":["post-950","page","type-page","status-publish","hentry"],"_links":{"self":[{"href":"https:\/\/rockandroll-letters.de\/index.php?rest_route=\/wp\/v2\/pages\/950","targetHints":{"allow":["GET"]}}],"collection":[{"href":"https:\/\/rockandroll-letters.de\/index.php?rest_route=\/wp\/v2\/pages"}],"about":[{"href":"https:\/\/rockandroll-letters.de\/index.php?rest_route=\/wp\/v2\/types\/page"}],"author":[{"embeddable":true,"href":"https:\/\/rockandroll-letters.de\/index.php?rest_route=\/wp\/v2\/users\/1"}],"replies":[{"embeddable":true,"href":"https:\/\/rockandroll-letters.de\/index.php?rest_route=%2Fwp%2Fv2%2Fcomments&post=950"}],"version-history":[{"count":55,"href":"https:\/\/rockandroll-letters.de\/index.php?rest_route=\/wp\/v2\/pages\/950\/revisions"}],"predecessor-version":[{"id":2570,"href":"https:\/\/rockandroll-letters.de\/index.php?rest_route=\/wp\/v2\/pages\/950\/revisions\/2570"}],"wp:attachment":[{"href":"https:\/\/rockandroll-letters.de\/index.php?rest_route=%2Fwp%2Fv2%2Fmedia&parent=950"}],"curies":[{"name":"wp","href":"https:\/\/api.w.org\/{rel}","templated":true}]}}